{"id":216,"date":"2012-04-08T00:08:48","date_gmt":"2012-04-08T00:08:48","guid":{"rendered":"http:\/\/carlapicardi.com\/coaching-2\/"},"modified":"2014-02-24T22:01:20","modified_gmt":"2014-02-24T22:01:20","slug":"coaching","status":"publish","type":"page","link":"https:\/\/carlapicardi.com\/it\/coaching\/","title":{"rendered":"Coaching &#038; Leadership"},"content":{"rendered":"<p>Se siete passati attraverso numerose relazioni o pi\u00f9 posti di lavoro e vi lamentate di rimanere sempre bloccati con lo stesso tipo di partner o lo stesso tipo di boss e nessuno vi chiede di osservarne la dinamica, allora \u00e8 il momento di ripensare la vostra vita. Se nessuno vi sprona a vedere <strong>il vostro ruolo nel creare gli avvenimenti della vostra vita e come il vostro comportamento si rifletta nelle vostre relazioni pi\u00f9 intime<\/strong>, allora tutto cio\u2019 che state facendo non funziona. Se non siete disposti a riconoscere che le vostre scelte creano la vostra vita, allora \u00e8 il momento di chiedervi che cosa state aspettando? Non importa quale sia il motivo, voi state pagando un prezzo pesante per nascondervi e non vivere pienamente.<\/p>\n<blockquote><p>Una delle conclusioni pi\u00f9 profonde a cui sono giunta dirigendo grandi team di persone che collaboravano a progetti complessi e articolati, \u00e8 che prima o poi persone laboriose, intelligenti, creative e animate da buone intenzioni, spesso rovinano la propria esistenza perch\u00e9 non riescono a vedere chiaramente in se\u2019 stessi&#8230; noi non riusciamo a capire come le nostre scelte condizionano la nostra vita. Dopo aver capito che siamo noi a creare tutto \u2013 il bello, il brutto e il pessimo \u2013 e che non siamo vittime del capriccio del destino o di un Dio cattivo e implacabile, possiamo prendere consapevolmente le decisioni che ci sono pi\u00f9 utili. E\u2019 cosi\u2019 che ho imparato ad usare strumenti semplici ma profondi per aiutare le persone a riappropriarsi della propria forza, a vivere pi\u00f9 pienamente, pi\u00f9 saggiamente e imparare ad amare se\u2019 stessi e gli altri incondizionatamente.\u201d<\/p>\n<p style=\"text-align: right;\">Carla L Picardi<\/p>\n<\/blockquote>\n<p>La ricerca nella neuroscienza della leadership ha fornito una enorme quantita\u2019 di informazioni riguardanti il successo del <strong>Coaching<\/strong>. Il <strong>Coaching<\/strong> fornisce gli strumenti e le tecniche per sviluppare le competenze individuali del comportamento di leadership, per migliorare la capacit\u00e0 di un individuo di determinare un effettivo cambiamento comportamentale nella propria vita e in quella delle persone per le quali \u00e8 responsabile, e per apportare cambiamenti di comportamento all&#8217;interno di un&#8217;organizzazione. Il <strong>Coaching<\/strong> aiuta a dare forma a percorsi dominanti nel cervello attraverso soluzioni e obiettivi mirati. Questo approccio facilita una migliore auto-comprensione con l&#8217;obiettivo di sviluppare un unico insieme di abilit\u00e0 di leadership in ciascun individuo.<br \/>\nIl <strong>Coaching<\/strong> \u00e8 imperniato sulla <strong>fiducia<\/strong>: la fiducia che il coach ha nel cliente che abbia un profondo e appassionato desiderio di imparare a essere diverso e a cambiare, e la fiducia che il cliente ha nel coach che questi manterr\u00e0 la riservatezza. La <strong>fiducia<\/strong> \u00e8 l&#8217;elemento essenziale che permette ai clienti di aprirsi e condividere i pensieri pi\u00f9 intimi senza essere giudicati. Questa <strong>fiducia<\/strong> permette la creazione di uno spazio sacro, un luogo sicuro, dove i clienti possono essere coraggiosi e andare a fondo nelle questioni che li bloccano dal vivere una vita appagante, equilibrata e pienamente presente.<br \/>\nIl <strong>Coaching<\/strong> offre strumenti che ispirano il cliente a creare il cambiamento. L&#8217;organizzazione di ogni sessione proviene dal cliente. Il cliente decide che cosa \u00e8 importante discutere e attraverso profonde domande da parte del coach, molte questioni importanti verranno alla luce:<\/p>\n<p>&nbsp;<\/p>\n<ul class=\"list_4\" >\n<li>Contro cosa stai lottando?<\/li>\n<li>Che cosa ti inquieta in questo momento?<\/li>\n<li>Che cosa significa per te essere bloccati?<\/li>\n<li>Se questo fosse il tuo pi\u00f9 grande maestro, che cosa stai imparando su di te?<\/li>\n<li>Su una scala da 1-10, qual \u00e8 il tuo livello di soddisfazione con questo?<\/li>\n<\/ul>\n<p>&nbsp;<\/p>\n<p>L&#8217;ascolto \u00e8 una parte importante del Coaching. L&#8217;ascolto \u00e8 una delle pi\u00f9 ricche abilit\u00e0 che gli esseri umani possono sviluppare. Migliora ogni rapporto in ogni parte della nostra vita. I nostri colleghi, amici, coniugi e figli sanno sempre se siamo effettivamente presenti o meno. Le persone rivelano i loro valori attraverso ci\u00f2 che dicono e ci\u00f2 che non dicono; dove ripongono la colpa e ci\u00f2 che essi chiedono\/rivelano dietro quella colpa; attraverso il loro sarcasmo e la loro ilarit\u00e0; con il linguaggio del corpo e il loro entusiasmo; e in tutto ci\u00f2 che viene osservato e intuito dal coach. Quando i clienti condividono i loro sogni e desideri con il coach, essi rivelano i loro valori pi\u00f9 profondi. Nel processo di <strong>Coaching<\/strong>, il coach non solo ascolta pienamente e profondamente tutto questo, il coach insegna al cliente come ascoltare realmente attraverso l&#8217;esempio.<br \/>\nIl coaching \u00e8 percorrere tutto il tragitto sino alla fine \u2026 e si fonda sulla creazione di uno spazio sicuro e coraggioso in cui \u00e8 possibile tirar fuori dal cliente ci\u00f2 che nasconde. Questo \u00e8 possibile solo se il coach pu\u00f2 mantenere il cliente creativo, ingegnoso e completo, e se il cliente riconosce con quanta passione il coach creda nella sua magnificenza. Il coach deve essere ferocemente coraggioso e fiducioso di entrare in quel \u2018luogo scomodo\u2019 e di rimanerci fintanto che il cliente svolge il lavoro necessario per superare la situazione. Se il coach non \u00e8 sinceramente autentico o si sente in qualche modo a disagio con questo tipo di lavoro, non sar\u00e0 possibile al coach gestire s\u00e9 stesso autonomamente. Infatti, se il coach non ha fatto il lavoro di trasformazione su di s\u00e9, potrebbe non capire che sta evitando l&#8217;approfondimento con il cliente e cosi\u2019 andr\u00e0 persa una possibilit\u00e0 di approfondire l&#8217;apprendimento e di aiutare il cliente a trasformare la situazione.<br \/>\nIl coach deve essere disposto a correre dei rischi. Il coach deve essere disposto a rischiare di offendere il cliente e di venire congedato dal cliente. Il coach deve essere ferocemente coraggioso e &#8220;<strong>disposto a perdervi per amor vostro<\/strong>&#8221; dicendo esattamente le cose che il cliente non vuole sentire, e deve essere disposto a tenere alto lo specchio per riflettere proprio il difetto che il cliente non vuole vedere. La conseguente rivelazione \u00e8 la chiave per sbloccare le cose preziose che il cliente sta disperatamente cercando e allo stesso tempo evitando. \u00c8 qui che ha luogo il vero lavoro di trasformazione del Coaching.<\/p>\n<p>&nbsp;<\/p>\n<blockquote><p>I risultati di un coaching di successo si rivelano dalla camera da letto alla stanza dei bottoni<\/p>\n<p style=\"text-align: right;\">Carla L Picardi<\/p>\n<\/blockquote>\n<p>Carla L Picardi \u00e8 disponibile per consulenze individuali e di impresa. \u00c8 anche disponibile per workshop e seminari di Leadership.<\/p>\n","protected":false},"excerpt":{"rendered":"<p>Se siete passati attraverso numerose relazioni o pi\u00f9 posti di lavoro e vi lamentate di rimanere sempre bloccati con lo stesso tipo di partner o lo stesso tipo di boss e nessuno vi chiede di osservarne la dinamica, allora \u00e8 il momento di ripensare la vostra vita. Se nessuno vi sprona a vedere il vostro<\/p>\n","protected":false},"author":1,"featured_media":0,"parent":0,"menu_order":0,"comment_status":"open","ping_status":"open","template":"","meta":{"footnotes":""},"class_list":["post-216","page","type-page","status-publish","hentry"],"yoast_head":"<!-- This site is optimized with the Yoast SEO plugin v27.4 - https:\/\/yoast.com\/product\/yoast-seo-wordpress\/ -->\n<title>Coaching &amp; Leadership - Carla Picardi<\/title>\n<meta name=\"robots\" content=\"index, follow, max-snippet:-1, max-image-preview:large, max-video-preview:-1\" \/>\n<link rel=\"canonical\" href=\"https:\/\/carlapicardi.com\/it\/coaching\/\" \/>\n<meta property=\"og:locale\" content=\"it_IT\" \/>\n<meta property=\"og:type\" content=\"article\" \/>\n<meta property=\"og:title\" content=\"Coaching &amp; Leadership - Carla Picardi\" \/>\n<meta property=\"og:description\" content=\"Se siete passati attraverso numerose relazioni o pi\u00f9 posti di lavoro e vi lamentate di rimanere sempre bloccati con lo stesso tipo di partner o lo stesso tipo di boss e nessuno vi chiede di osservarne la dinamica, allora \u00e8 il momento di ripensare la vostra vita. Se nessuno vi sprona a vedere il vostro\" \/>\n<meta property=\"og:url\" content=\"https:\/\/carlapicardi.com\/it\/coaching\/\" \/>\n<meta property=\"og:site_name\" content=\"Carla Picardi\" \/>\n<meta property=\"article:modified_time\" content=\"2014-02-24T22:01:20+00:00\" \/>\n<meta name=\"twitter:card\" content=\"summary_large_image\" \/>\n<meta name=\"twitter:label1\" content=\"Tempo di lettura stimato\" \/>\n\t<meta name=\"twitter:data1\" content=\"5 minuti\" \/>\n<script type=\"application\/ld+json\" class=\"yoast-schema-graph\">{\"@context\":\"https:\\\/\\\/schema.org\",\"@graph\":[{\"@type\":\"WebPage\",\"@id\":\"https:\\\/\\\/carlapicardi.com\\\/it\\\/coaching\\\/\",\"url\":\"https:\\\/\\\/carlapicardi.com\\\/it\\\/coaching\\\/\",\"name\":\"Coaching & Leadership - Carla Picardi\",\"isPartOf\":{\"@id\":\"https:\\\/\\\/carlapicardi.com\\\/#website\"},\"datePublished\":\"2012-04-08T00:08:48+00:00\",\"dateModified\":\"2014-02-24T22:01:20+00:00\",\"breadcrumb\":{\"@id\":\"https:\\\/\\\/carlapicardi.com\\\/it\\\/coaching\\\/#breadcrumb\"},\"inLanguage\":\"it-IT\",\"potentialAction\":[{\"@type\":\"ReadAction\",\"target\":[\"https:\\\/\\\/carlapicardi.com\\\/it\\\/coaching\\\/\"]}]},{\"@type\":\"BreadcrumbList\",\"@id\":\"https:\\\/\\\/carlapicardi.com\\\/it\\\/coaching\\\/#breadcrumb\",\"itemListElement\":[{\"@type\":\"ListItem\",\"position\":1,\"name\":\"Home\",\"item\":\"https:\\\/\\\/carlapicardi.com\\\/\"},{\"@type\":\"ListItem\",\"position\":2,\"name\":\"Coaching &#038; Leadership\"}]},{\"@type\":\"WebSite\",\"@id\":\"https:\\\/\\\/carlapicardi.com\\\/#website\",\"url\":\"https:\\\/\\\/carlapicardi.com\\\/\",\"name\":\"Carla Picardi\",\"description\":\"Leading people to create a vision for their life or their project ... and to make that vision a reality\",\"potentialAction\":[{\"@type\":\"SearchAction\",\"target\":{\"@type\":\"EntryPoint\",\"urlTemplate\":\"https:\\\/\\\/carlapicardi.com\\\/?s={search_term_string}\"},\"query-input\":{\"@type\":\"PropertyValueSpecification\",\"valueRequired\":true,\"valueName\":\"search_term_string\"}}],\"inLanguage\":\"it-IT\"}]}<\/script>\n<!-- \/ Yoast SEO plugin. -->","yoast_head_json":{"title":"Coaching & Leadership - Carla Picardi","robots":{"index":"index","follow":"follow","max-snippet":"max-snippet:-1","max-image-preview":"max-image-preview:large","max-video-preview":"max-video-preview:-1"},"canonical":"https:\/\/carlapicardi.com\/it\/coaching\/","og_locale":"it_IT","og_type":"article","og_title":"Coaching & Leadership - Carla Picardi","og_description":"Se siete passati attraverso numerose relazioni o pi\u00f9 posti di lavoro e vi lamentate di rimanere sempre bloccati con lo stesso tipo di partner o lo stesso tipo di boss e nessuno vi chiede di osservarne la dinamica, allora \u00e8 il momento di ripensare la vostra vita. Se nessuno vi sprona a vedere il vostro","og_url":"https:\/\/carlapicardi.com\/it\/coaching\/","og_site_name":"Carla Picardi","article_modified_time":"2014-02-24T22:01:20+00:00","twitter_card":"summary_large_image","twitter_misc":{"Tempo di lettura stimato":"5 minuti"},"schema":{"@context":"https:\/\/schema.org","@graph":[{"@type":"WebPage","@id":"https:\/\/carlapicardi.com\/it\/coaching\/","url":"https:\/\/carlapicardi.com\/it\/coaching\/","name":"Coaching & Leadership - Carla Picardi","isPartOf":{"@id":"https:\/\/carlapicardi.com\/#website"},"datePublished":"2012-04-08T00:08:48+00:00","dateModified":"2014-02-24T22:01:20+00:00","breadcrumb":{"@id":"https:\/\/carlapicardi.com\/it\/coaching\/#breadcrumb"},"inLanguage":"it-IT","potentialAction":[{"@type":"ReadAction","target":["https:\/\/carlapicardi.com\/it\/coaching\/"]}]},{"@type":"BreadcrumbList","@id":"https:\/\/carlapicardi.com\/it\/coaching\/#breadcrumb","itemListElement":[{"@type":"ListItem","position":1,"name":"Home","item":"https:\/\/carlapicardi.com\/"},{"@type":"ListItem","position":2,"name":"Coaching &#038; Leadership"}]},{"@type":"WebSite","@id":"https:\/\/carlapicardi.com\/#website","url":"https:\/\/carlapicardi.com\/","name":"Carla Picardi","description":"Leading people to create a vision for their life or their project ... and to make that vision a reality","potentialAction":[{"@type":"SearchAction","target":{"@type":"EntryPoint","urlTemplate":"https:\/\/carlapicardi.com\/?s={search_term_string}"},"query-input":{"@type":"PropertyValueSpecification","valueRequired":true,"valueName":"search_term_string"}}],"inLanguage":"it-IT"}]}},"_links":{"self":[{"href":"https:\/\/carlapicardi.com\/it\/wp-json\/wp\/v2\/pages\/216","targetHints":{"allow":["GET"]}}],"collection":[{"href":"https:\/\/carlapicardi.com\/it\/wp-json\/wp\/v2\/pages"}],"about":[{"href":"https:\/\/carlapicardi.com\/it\/wp-json\/wp\/v2\/types\/page"}],"author":[{"embeddable":true,"href":"https:\/\/carlapicardi.com\/it\/wp-json\/wp\/v2\/users\/1"}],"replies":[{"embeddable":true,"href":"https:\/\/carlapicardi.com\/it\/wp-json\/wp\/v2\/comments?post=216"}],"version-history":[{"count":3,"href":"https:\/\/carlapicardi.com\/it\/wp-json\/wp\/v2\/pages\/216\/revisions"}],"predecessor-version":[{"id":235,"href":"https:\/\/carlapicardi.com\/it\/wp-json\/wp\/v2\/pages\/216\/revisions\/235"}],"wp:attachment":[{"href":"https:\/\/carlapicardi.com\/it\/wp-json\/wp\/v2\/media?parent=216"}],"curies":[{"name":"wp","href":"https:\/\/api.w.org\/{rel}","templated":true}]}}